{"id":1057,"date":"2025-03-11T10:52:52","date_gmt":"2025-03-11T10:52:52","guid":{"rendered":"https:\/\/new.agenziarosselli.com\/ueber-uns\/"},"modified":"2025-05-27T15:09:19","modified_gmt":"2025-05-27T15:09:19","slug":"ueber-uns","status":"publish","type":"page","link":"https:\/\/agenziarosselli.com\/de\/ueber-uns\/","title":{"rendered":"\u00dcber uns"},"content":{"rendered":"\t\t<div data-elementor-type=\"wp-page\" data-elementor-id=\"1057\" class=\"elementor elementor-1057 elementor-45\" wpc-filter-elementor-widget=\"1\" data-elementor-post-type=\"page\">\n\t\t\t\t<div class=\"elementor-element elementor-element-562f3a3d e-flex e-con-boxed e-con e-parent\" data-id=\"562f3a3d\" data-element_type=\"container\" data-e-type=\"container\" data-settings=\"{&quot;background_background&quot;:&quot;classic&quot;}\">\n\t\t\t\t\t<div class=\"e-con-inner\">\n\t\t<div class=\"elementor-element elementor-element-3a200d04 e-con-full e-flex e-con e-child\" data-id=\"3a200d04\" data-element_type=\"container\" data-e-type=\"container\">\n\t\t\t\t<div class=\"elementor-element elementor-element-523c98cb elementor-widget elementor-widget-heading\" data-id=\"523c98cb\" data-element_type=\"widget\" data-e-type=\"widget\" data-widget_type=\"heading.default\">\n\t\t\t\t<div class=\"elementor-widget-container\">\n\t\t\t\t\t<h3 class=\"elementor-heading-title elementor-size-default\">ROSSELLI AGENTUR<\/h3>\t\t\t\t<\/div>\n\t\t\t\t<\/div>\n\t\t\t\t<div class=\"elementor-element elementor-element-556fe089 elementor-widget elementor-widget-heading\" data-id=\"556fe089\" data-element_type=\"widget\" data-e-type=\"widget\" data-widget_type=\"heading.default\">\n\t\t\t\t<div class=\"elementor-widget-container\">\n\t\t\t\t\t<h1 class=\"elementor-heading-title elementor-size-default\">WER WIR SIND<\/h1>\t\t\t\t<\/div>\n\t\t\t\t<\/div>\n\t\t\t\t<\/div>\n\t\t<div class=\"elementor-element elementor-element-237162bd e-con-full e-flex e-con e-child\" data-id=\"237162bd\" data-element_type=\"container\" data-e-type=\"container\">\n\t\t\t\t<div class=\"elementor-element elementor-element-eba6691 elementor-widget elementor-widget-text-editor\" data-id=\"eba6691\" data-element_type=\"widget\" data-e-type=\"widget\" data-widget_type=\"text-editor.default\">\n\t\t\t\t<div class=\"elementor-widget-container\">\n\t\t\t\t\t\t\t\t\t<p>Unsere Agentur ist seit 1967 in der Immobilienbranche t\u00e4tig. Seit jeher befassen wir uns mit dem Kauf, dem Verkauf, der Vermietung, der Verpachtung und der Sch\u00e4tzung von Immobilien f\u00fcr Wohn-, Tourismus- und Gewerbezwecke an der K\u00fcste von Caorle und im Landesinneren. Das Unternehmen ist seit zwei Generationen in Familienbesitz.  <\/p>\t\t\t\t\t\t\t\t<\/div>\n\t\t\t\t<\/div>\n\t\t\t\t<\/div>\n\t\t\t\t\t<\/div>\n\t\t\t\t<\/div>\n\t\t<div class=\"elementor-element elementor-element-c4f45a8 e-flex e-con-boxed e-con e-parent\" data-id=\"c4f45a8\" data-element_type=\"container\" data-e-type=\"container\">\n\t\t\t\t\t<div class=\"e-con-inner\">\n\t\t<div class=\"elementor-element elementor-element-56a511de e-con-full e-flex e-con e-child\" data-id=\"56a511de\" data-element_type=\"container\" data-e-type=\"container\">\n\t\t\t\t<div class=\"elementor-element elementor-element-20db2ac5 elementor-widget__width-auto elementor-absolute elementor-view-default elementor-widget elementor-widget-icon\" data-id=\"20db2ac5\" data-element_type=\"widget\" data-e-type=\"widget\" data-settings=\"{&quot;_position&quot;:&quot;absolute&quot;}\" data-widget_type=\"icon.default\">\n\t\t\t\t<div class=\"elementor-widget-container\">\n\t\t\t\t\t\t\t<div class=\"elementor-icon-wrapper\">\n\t\t\t<div class=\"elementor-icon\">\n\t\t\t<svg xmlns=\"http:\/\/www.w3.org\/2000\/svg\" id=\"a72f1db4-4b9f-4cbc-ac4c-a54efeaf8336\" data-name=\"Layer 1\" width=\"100\" height=\"100\" viewBox=\"0 0 100 100\"><title>Shape<\/title><path id=\"aecdc5f9-a79f-465f-8b06-186d589ccd57\" data-name=\"Shape\" d=\"M0,100V0H50V50h50v50Z\" style=\"fill-rule:evenodd\"><\/path><\/svg>\t\t\t<\/div>\n\t\t<\/div>\n\t\t\t\t\t\t<\/div>\n\t\t\t\t<\/div>\n\t\t<div class=\"elementor-element elementor-element-6923195d e-flex e-con-boxed e-con e-child\" data-id=\"6923195d\" data-element_type=\"container\" data-e-type=\"container\">\n\t\t\t\t\t<div class=\"e-con-inner\">\n\t\t\t\t<div class=\"elementor-element elementor-element-2d641ca4 elementor-widget elementor-widget-heading\" data-id=\"2d641ca4\" data-element_type=\"widget\" data-e-type=\"widget\" data-widget_type=\"heading.default\">\n\t\t\t\t<div class=\"elementor-widget-container\">\n\t\t\t\t\t<h3 class=\"elementor-heading-title elementor-size-default\">seit 1967 zu Ihren Diensten<\/h3>\t\t\t\t<\/div>\n\t\t\t\t<\/div>\n\t\t\t\t<div class=\"elementor-element elementor-element-db6985f elementor-widget elementor-widget-heading\" data-id=\"db6985f\" data-element_type=\"widget\" data-e-type=\"widget\" data-widget_type=\"heading.default\">\n\t\t\t\t<div class=\"elementor-widget-container\">\n\t\t\t\t\t<h2 class=\"elementor-heading-title elementor-size-default\">Verk\u00e4ufe, Vermietungen, Sch\u00e4tzungen<\/h2>\t\t\t\t<\/div>\n\t\t\t\t<\/div>\n\t\t\t\t\t<\/div>\n\t\t\t\t<\/div>\n\t\t<div class=\"elementor-element elementor-element-6b8b3500 e-con-full e-flex e-con e-child\" data-id=\"6b8b3500\" data-element_type=\"container\" data-e-type=\"container\">\n\t\t<div class=\"elementor-element elementor-element-9338c14 e-con-full e-flex e-con e-child\" data-id=\"9338c14\" data-element_type=\"container\" data-e-type=\"container\">\n\t\t\t\t<div class=\"elementor-element elementor-element-653d048d elementor-cta--layout-image-above elementor-cta--skin-classic elementor-animated-content elementor-widget elementor-widget-call-to-action\" data-id=\"653d048d\" data-element_type=\"widget\" data-e-type=\"widget\" data-widget_type=\"call-to-action.default\">\n\t\t\t\t<div class=\"elementor-widget-container\">\n\t\t\t\t\t\t\t<div class=\"elementor-cta\">\n\t\t\t\t\t<div class=\"elementor-cta__bg-wrapper\">\n\t\t\t\t<div class=\"elementor-cta__bg elementor-bg\" style=\"background-image: url(https:\/\/agenziarosselli.com\/wp-content\/uploads\/2025\/04\/agenzia-rosselli.jpg);\" role=\"img\" aria-label=\"agenzia-rosselli\"><\/div>\n\t\t\t\t<div class=\"elementor-cta__bg-overlay\"><\/div>\n\t\t\t<\/div>\n\t\t\t\t\t\t\t<div class=\"elementor-cta__content\">\n\t\t\t\t\n\t\t\t\t\n\t\t\t\t\t\t\t\t\t<div class=\"elementor-cta__description elementor-cta__content-item elementor-content-item\">\n\t\t\t\t\t\tVia G. da Verazzano, 74 \nPORTO SANTA MARGHERITA di Caorle (VE)\t\t\t\t\t<\/div>\n\t\t\t\t\n\t\t\t\t\t\t\t<\/div>\n\t\t\t\t\t\t<\/div>\n\t\t\t\t\t\t<\/div>\n\t\t\t\t<\/div>\n\t\t\t\t<\/div>\n\t\t<div class=\"elementor-element elementor-element-5ce60f6a e-con-full e-flex e-con e-child\" data-id=\"5ce60f6a\" data-element_type=\"container\" data-e-type=\"container\">\n\t\t\t\t<div class=\"elementor-element elementor-element-60556a40 elementor-widget elementor-widget-text-editor\" data-id=\"60556a40\" data-element_type=\"widget\" data-e-type=\"widget\" data-widget_type=\"text-editor.default\">\n\t\t\t\t<div class=\"elementor-widget-container\">\n\t\t\t\t\t\t\t\t\t<p>Wir sind in der Lage, Ihnen eine umfassende und professionelle Beratung zu bieten, die alle Phasen des <strong>Verkaufs<\/strong> oder<strong>Kaufs<\/strong> abdeckt, was Ihnen Zeit spart und erfolgreiche Transaktionen gew\u00e4hrleistet.<br>Die Agentur Rosselli setzt die fortschrittlichsten Werbetechniken ein, angefangen bei der Ver\u00f6ffentlichung von Angeboten in den wichtigsten italienischen und ausl\u00e4ndischen Fachzeitschriften bis hin zu den innovativsten Internettechnologien.<br>Sein st\u00e4ndig wachsendes berufliches Engagement gilt seinen Kunden, zu denen er manchmal<strong> wahre Freundschaften<\/strong> aufbaut.<br>Agenzia Rosselli bietet eine gro\u00dfe Auswahl an <strong>Villen<\/strong> und <strong>Wohnungen<\/strong> <strong>direkt am Meer<\/strong>, in <strong>Residenzen<\/strong> mit <strong>Swimmingpools<\/strong> und <strong>Tennispl\u00e4tzen<\/strong>, in <strong>D\u00f6rfern<\/strong> im Gr\u00fcnen oder in<strong>\u201eterra mare<\/strong>\u201c, d.h. H\u00e4usern am Hafen mit <strong>eigenem Liegeplatz<\/strong>. Die Unterk\u00fcnfte sind so eingerichtet und ausgestattet, dass sie allen Anspr\u00fcchen gerecht werden und f\u00fcr diejenigen geeignet sind, die ihren Urlaub in Freiheit genie\u00dfen m\u00f6chten.     <\/p>\t\t\t\t\t\t\t\t<\/div>\n\t\t\t\t<\/div>\n\t\t\t\t<div class=\"elementor-element elementor-element-714a36f5 elementor-widget elementor-widget-spacer\" data-id=\"714a36f5\" data-element_type=\"widget\" data-e-type=\"widget\" data-widget_type=\"spacer.default\">\n\t\t\t\t<div class=\"elementor-widget-container\">\n\t\t\t\t\t\t\t<div class=\"elementor-spacer\">\n\t\t\t<div class=\"elementor-spacer-inner\"><\/div>\n\t\t<\/div>\n\t\t\t\t\t\t<\/div>\n\t\t\t\t<\/div>\n\t\t\t\t<div class=\"elementor-element elementor-element-151ae7d2 elementor-widget elementor-widget-spacer\" data-id=\"151ae7d2\" data-element_type=\"widget\" data-e-type=\"widget\" data-widget_type=\"spacer.default\">\n\t\t\t\t<div class=\"elementor-widget-container\">\n\t\t\t\t\t\t\t<div class=\"elementor-spacer\">\n\t\t\t<div class=\"elementor-spacer-inner\"><\/div>\n\t\t<\/div>\n\t\t\t\t\t\t<\/div>\n\t\t\t\t<\/div>\n\t\t\t\t<\/div>\n\t\t\t\t<\/div>\n\t\t\t\t<\/div>\n\t\t\t\t\t<\/div>\n\t\t\t\t<\/div>\n\t\t<div class=\"elementor-element elementor-element-c7b040c e-flex e-con-boxed e-con e-parent\" data-id=\"c7b040c\" data-element_type=\"container\" data-e-type=\"container\">\n\t\t\t\t\t<div class=\"e-con-inner\">\n\t\t\t\t<div class=\"elementor-element elementor-element-c790d56 elementor-widget elementor-widget-google_maps\" data-id=\"c790d56\" data-element_type=\"widget\" data-e-type=\"widget\" data-widget_type=\"google_maps.default\">\n\t\t\t\t<div class=\"elementor-widget-container\">\n\t\t\t\t\t\t\t<div class=\"elementor-custom-embed\">\n\t\t\t<iframe loading=\"lazy\"\n\t\t\t\t\tsrc=\"https:\/\/maps.google.com\/maps?q=via%20G.%20da%20Verazzano%2C%2074%20caorle&#038;t=m&#038;z=15&#038;output=embed&#038;iwloc=near\"\n\t\t\t\t\ttitle=\"via G. da Verazzano, 74 caorle\"\n\t\t\t\t\taria-label=\"via G. da Verazzano, 74 caorle\"\n\t\t\t><\/iframe>\n\t\t<\/div>\n\t\t\t\t\t\t<\/div>\n\t\t\t\t<\/div>\n\t\t\t\t\t<\/div>\n\t\t\t\t<\/div>\n\t\t\t\t<\/div>\n\t\t","protected":false},"excerpt":{"rendered":"<p>ROSSELLI AGENTUR WER WIR SIND Unsere Agentur ist seit 1967 in der Immobilienbranche t\u00e4tig. Seit jeher befassen wir uns mit dem Kauf, dem Verkauf, der Vermietung, der Verpachtung und der Sch\u00e4tzung von Immobilien f\u00fcr Wohn-, Tourismus- und Gewerbezwecke an der K\u00fcste von Caorle und im Landesinneren. Das Unternehmen ist seit zwei Generationen in Familienbesitz. Shape [&hellip;]<\/p>\n","protected":false},"author":1,"featured_media":0,"parent":0,"menu_order":0,"comment_status":"closed","ping_status":"closed","template":"elementor_header_footer","meta":{"_acf_changed":false,"footnotes":""},"class_list":["post-1057","page","type-page","status-publish","hentry"],"acf":[],"_links":{"self":[{"href":"https:\/\/agenziarosselli.com\/de\/wp-json\/wp\/v2\/pages\/1057","targetHints":{"allow":["GET"]}}],"collection":[{"href":"https:\/\/agenziarosselli.com\/de\/wp-json\/wp\/v2\/pages"}],"about":[{"href":"https:\/\/agenziarosselli.com\/de\/wp-json\/wp\/v2\/types\/page"}],"author":[{"embeddable":true,"href":"https:\/\/agenziarosselli.com\/de\/wp-json\/wp\/v2\/users\/1"}],"replies":[{"embeddable":true,"href":"https:\/\/agenziarosselli.com\/de\/wp-json\/wp\/v2\/comments?post=1057"}],"version-history":[{"count":1,"href":"https:\/\/agenziarosselli.com\/de\/wp-json\/wp\/v2\/pages\/1057\/revisions"}],"predecessor-version":[{"id":1058,"href":"https:\/\/agenziarosselli.com\/de\/wp-json\/wp\/v2\/pages\/1057\/revisions\/1058"}],"wp:attachment":[{"href":"https:\/\/agenziarosselli.com\/de\/wp-json\/wp\/v2\/media?parent=1057"}],"curies":[{"name":"wp","href":"https:\/\/api.w.org\/{rel}","templated":true}]}}